{"id":556,"date":"2025-04-25T08:46:45","date_gmt":"2025-04-25T08:46:45","guid":{"rendered":"https:\/\/bookandbeer.es\/?page_id=556"},"modified":"2025-07-16T15:17:39","modified_gmt":"2025-07-16T15:17:39","slug":"inicio","status":"publish","type":"page","link":"https:\/\/bookandbeer.es\/","title":{"rendered":"BOOK and BEER"},"content":{"rendered":"<h3 style=\"text-align: center;\"><strong><a href=\"https:\/\/bookandbeer.es\/?cat=1\" class=\"su-button su-button-style-3d\" style=\"color:#FFFFFF;background-color:#2D89EF;border-color:#246ec0;border-radius:5px\" target=\"_blank\" rel=\"noopener noreferrer\"><span style=\"color:#FFFFFF;padding:0px 16px;font-size:13px;line-height:26px;border-color:#6cadf4;border-radius:5px;text-shadow:none\"> PR\u00d3XIMO EVENTO<\/span><\/a><\/strong><\/h3>\n<img decoding=\"async\" class=\"aligncenter\" style=\"width: 150px;\" src=\"https:\/\/bookandbeer.es\/wp-content\/uploads\/2025\/04\/logo3-removebg-preview.png\" alt=\"\" \/>\n\n<!-- \/wp:post-content -->\n\n<!-- wp:paragraph {\"align\":\"center\"} -->\n\nClub de lectura ubicado en Madrid, Espa\u00f1a.\n\n<!-- \/wp:paragraph -->\n\n<!-- wp:paragraph {\"align\":\"center\"} -->\n\nNos apasiona la literatura y la cerveza artesanal, dos creaciones humanas que elevan el alma y que creemos que pueden ser disfrutados juntas.\n\n<!-- \/wp:paragraph -->\n\n<!-- wp:paragraph {\"align\":\"center\"} -->\n\nSi eres un \u00e1vido lector o simplemente disfrutas de una buena conversaci\u00f3n, te recomendamos unirte a nuestra comunidad.\n\n<hr \/>\n\n<!-- \/wp:paragraph -->\n\n<!-- wp:columns -->\n\n<!-- wp:column -->\n\n<!-- wp:heading {\"textAlign\":\"center\"} -->\n<h2 style=\"text-align: center;\"><mark style=\"background-color: rgba(0, 0, 0, 0);\">Obras magnas<\/mark><\/h2>\n<!-- \/wp:heading -->\n\n<!-- wp:paragraph {\"align\":\"center\"} -->\n<p style=\"text-align: center;\">Florilegio de libros cl\u00e1sicos, futuros cl\u00e1sicos y no tan cl\u00e1sicos.<\/p>\n<!-- \/wp:paragraph -->\n\n<!-- wp:paragraph {\"align\":\"center\"} -->\n<p style=\"text-align: center;\">Cada mes un libro<\/p>\n<!-- \/wp:paragraph -->\n\n<!-- wp:image {\"id\":582,\"sizeSlug\":\"full\",\"linkDestination\":\"none\",\"align\":\"full\"} -->\n<figure><img decoding=\"async\" class=\"aligncenter\" src=\"https:\/\/bookandbeer.es\/wp-content\/uploads\/2025\/04\/vista-frontal-pila-libros-removebg-preview.png\" alt=\"\" \/><\/figure>\n<!-- \/wp:image -->\n\n<!-- wp:paragraph {\"align\":\"center\"} -->\n\n<!-- \/wp:paragraph -->\n\n<!-- \/wp:column -->\n\n<!-- wp:column -->\n\n<!-- wp:heading {\"textAlign\":\"center\"} -->\n<h2 style=\"text-align: center;\"><mark style=\"background-color: rgba(0, 0, 0, 0);\">Cervezas de importaci\u00f3n<\/mark><\/h2>\n<!-- \/wp:heading -->\n\n<!-- wp:paragraph -->\n<p style=\"text-align: center;\">Disfrutar de una selecci\u00f3n de cervezas profundizando en su historia, tipos y elaboraci\u00f3n.<\/p>\n<!-- \/wp:paragraph -->\n\n<!-- wp:image {\"id\":561,\"sizeSlug\":\"full\",\"linkDestination\":\"none\"} -->\n<figure><img decoding=\"async\" class=\"aligncenter\" src=\"https:\/\/bookandbeer.es\/wp-content\/uploads\/2025\/04\/129940937-vista-superior-de-burbujas-de-cerveza-en-vaso-sobre-fondo-blanco.jpg\" alt=\"\" \/><\/figure>\n<!-- \/wp:image -->\n\n<!-- wp:paragraph {\"align\":\"center\"} -->\n\n<!-- \/wp:paragraph -->\n\n<!-- \/wp:column -->\n\n<!-- wp:column -->\n\n<!-- wp:heading {\"textAlign\":\"center\"} -->\n<h2 style=\"text-align: center;\"><mark style=\"background-color: rgba(0, 0, 0, 0);\">Encuentros<\/mark><\/h2>\n<!-- \/wp:heading -->\n\n<!-- wp:paragraph -->\n<p style=\"text-align: center;\">Reunirse para compartir y discutir tus pensamientos sobre los libros le\u00eddos.<\/p>\n<!-- \/wp:paragraph -->\n\n<!-- wp:image {\"id\":562,\"sizeSlug\":\"full\",\"linkDestination\":\"none\",\"className\":\"is-style-rounded\"} -->\n<figure><img decoding=\"async\" class=\"aligncenter\" src=\"https:\/\/bookandbeer.es\/wp-content\/uploads\/2025\/04\/orat.png\" alt=\"\" \/><\/figure>\n<!-- \/wp:image -->\n\n<!-- wp:paragraph {\"align\":\"center\"} -->\n\n<!-- \/wp:paragraph -->\n\n<!-- \/wp:column -->\n\n<!-- \/wp:columns -->\n\n<!-- wp:heading {\"textAlign\":\"center\",\"level\":1} -->\n<h1 style=\"text-align: center;\"><strong><mark style=\"background-color: rgba(0, 0, 0, 0);\">Eventos literarios<\/mark><\/strong><\/h1>\n<!-- \/wp:heading -->\n\n<!-- wp:paragraph {\"align\":\"center\"} -->\n<p style=\"text-align: center;\">Nos entusiasma fomentar la lectura y el intercambio de ideas.<\/p>\n<!-- \/wp:paragraph -->\n\n<!-- wp:image {\"id\":587,\"width\":\"292px\",\"height\":\"auto\",\"sizeSlug\":\"full\",\"linkDestination\":\"none\",\"align\":\"center\"} -->\n<figure><img decoding=\"async\" class=\"aligncenter\" style=\"width: 292px; height: auto;\" src=\"https:\/\/bookandbeer.es\/wp-content\/uploads\/2025\/04\/Designer-77.jpeg\" alt=\"\" \/><\/figure>\n<!-- \/wp:image -->\n\n<!-- wp:separator -->\n\n<hr \/>\n\n<!-- \/wp:separator -->\n\n<!-- wp:heading {\"textAlign\":\"center\"} -->\n<h2 style=\"text-align: center;\"><strong><mark style=\"background-color: rgba(0, 0, 0, 0);\">Visi\u00f3n<\/mark><\/strong><\/h2>\n<!-- \/wp:heading -->\n\n<!-- wp:columns -->\n\n<!-- wp:column -->\n\n<!-- wp:heading {\"textAlign\":\"center\"} -->\n<h3 style=\"text-align: center;\">Generar emoci\u00f3n<\/h3>\n<!-- \/wp:heading -->\n\n<!-- wp:paragraph -->\n<figure><img fetchpriority=\"high\" decoding=\"async\" class=\"aligncenter\" src=\"https:\/\/bookandbeer.es\/wp-content\/uploads\/2025\/04\/Designer-70.jpeg\" alt=\"\" width=\"1024\" height=\"1024\" \/><\/figure>\n<!-- \/wp:paragraph -->\n\n<!-- wp:paragraph {\"align\":\"center\"} -->\n<p style=\"text-align: center;\">Nos apasiona la literatura y la cerveza artesanal, y creemos que ambos pueden ser disfrutados juntos.<\/p>\n<!-- \/wp:paragraph -->\n\n<!-- \/wp:column -->\n\n<!-- wp:column -->\n\n<!-- wp:heading {\"textAlign\":\"center\"} -->\n<h2><\/h2>\n<h3 style=\"text-align: center;\">Crear inter\u00e9s<\/h3>\n<!-- \/wp:heading -->\n\n<!-- wp:paragraph -->\n\n<!-- \/wp:paragraph -->\n\n<!-- wp:image {\"id\":568,\"sizeSlug\":\"full\",\"linkDestination\":\"none\",\"className\":\"is-style-rounded\"} -->\n<figure><img decoding=\"async\" class=\"aligncenter\" src=\"https:\/\/bookandbeer.es\/wp-content\/uploads\/2025\/04\/897e7a3167050281b22ba28849a3f21a.jpg\" alt=\"\" width=\"564\" height=\"715\" \/><\/figure>\n<!-- \/wp:image -->\n\n<!-- wp:paragraph {\"align\":\"center\"} -->\n<p style=\"text-align: center;\">Componer un espacio propicio donde los amantes de la lectura puedan reunirse, discutir y compartir sus pensamientos sobre los libros que han le\u00eddo, mientras disfrutan de una cerveza artesanal de alta calidad .<\/p>\n<!-- \/wp:paragraph -->\n\n<!-- \/wp:column -->\n\n<!-- wp:column -->\n\n<!-- wp:heading {\"textAlign\":\"center\"} -->\n<h2><\/h2>\n<h3 style=\"text-align: center;\">Dedicaci\u00f3n<\/h3>\n<!-- \/wp:heading -->\n\n<!-- wp:paragraph -->\n\n<!-- \/wp:paragraph -->\n\n<!-- wp:image {\"id\":569,\"sizeSlug\":\"large\",\"linkDestination\":\"none\",\"className\":\"is-style-rounded\"} -->\n<figure><img decoding=\"async\" class=\"aligncenter\" src=\"https:\/\/bookandbeer.es\/wp-content\/uploads\/2025\/04\/libro-biblioteca-546x1024.jpg\" alt=\"\" \/><\/figure>\n<!-- \/wp:image -->\n\n<!-- wp:paragraph {\"align\":\"center\"} -->\n<p style=\"text-align: center;\">Nos enorgullece ofrecer una selecci\u00f3n cuidadosamente curada de libros de diferentes g\u00e9neros y autores, y nos aseguramos de que siempre haya algo para todos los gustos.<\/p>\n<!-- \/wp:paragraph -->\n\n<!-- \/wp:column -->\n\n<!-- \/wp:columns -->\n\n<!-- wp:heading {\"textAlign\":\"center\"} -->\n<h2 style=\"text-align: center;\"><strong>Esp\u00edritus inquietos<\/strong><\/h2>\n<!-- \/wp:heading -->\n\n<!-- wp:paragraph {\"align\":\"center\"} -->\n<p style=\"text-align: center;\">Estamos encantados de ofrecer recomendaciones de libros variados para que descubras nuevas historias y g\u00e9neros literarios.<\/p>\n<!-- \/wp:paragraph -->\n\n<!-- wp:image {\"id\":572,\"sizeSlug\":\"full\",\"linkDestination\":\"none\",\"className\":\"is-style-rounded\"} -->\n<figure><img decoding=\"async\" class=\"aligncenter\" src=\"https:\/\/bookandbeer.es\/wp-content\/uploads\/2025\/04\/Mendo-2.jpeg\" alt=\"\" \/><\/figure>\n<!-- \/wp:image -->\n<h2 style=\"text-align: center;\">Nos vemos pronto<\/h2>\n&#8212;&#8212;&#8212;&#8212;&#8212;&#8212;&#8212;&#8212;&#8212;&#8212;&#8212;&#8212;&#8212;&#8212;&#8212;&#8212;&#8212;&#8212;&#8212;&#8212;&#8212;&#8212;&#8212;&#8212;&#8212;&#8212;&#8212;&#8212;&#8212;&#8212;&#8212;&#8212;&#8212;&#8212;&#8212;&#8212;&#8212;&#8212;&#8212;&#8212;&#8212;&#8211;\n<p style=\"text-align: center;\"><a href=\"#\" target=\"_blank\" rel=\"noopener\">\nRecomendaciones<\/a><\/p>\n<span class=\"su-dropcap su-dropcap-style-flat\" style=\"font-size:2em\">D<\/span>\n\n<!-- wp:paragraph -->\n\n<!-- \/wp:paragraph -->","protected":false},"excerpt":{"rendered":"<p>Club de lectura ubicado en Madrid, Espa\u00f1a. Nos apasiona la literatura y la cerveza artesanal, dos creaciones humanas que elevan el alma y que creemos que pueden ser disfrutados juntas. Si eres un \u00e1vido lector o simplemente disfrutas de una&#8230;<\/p>\n<div class=\"more-link-wrapper\"><a class=\"more-link\" href=\"https:\/\/bookandbeer.es\/\">Seguir leyendo<span class=\"screen-reader-text\">BOOK and BEER<\/span><\/a><\/div>\n","protected":false},"author":1,"featured_media":0,"parent":0,"menu_order":0,"comment_status":"closed","ping_status":"closed","template":"","meta":{"footnotes":""},"class_list":["post-556","page","type-page","status-publish","hentry","entry"],"_links":{"self":[{"href":"https:\/\/bookandbeer.es\/index.php?rest_route=\/wp\/v2\/pages\/556","targetHints":{"allow":["GET"]}}],"collection":[{"href":"https:\/\/bookandbeer.es\/index.php?rest_route=\/wp\/v2\/pages"}],"about":[{"href":"https:\/\/bookandbeer.es\/index.php?rest_route=\/wp\/v2\/types\/page"}],"author":[{"embeddable":true,"href":"https:\/\/bookandbeer.es\/index.php?rest_route=\/wp\/v2\/users\/1"}],"replies":[{"embeddable":true,"href":"https:\/\/bookandbeer.es\/index.php?rest_route=%2Fwp%2Fv2%2Fcomments&post=556"}],"version-history":[{"count":83,"href":"https:\/\/bookandbeer.es\/index.php?rest_route=\/wp\/v2\/pages\/556\/revisions"}],"predecessor-version":[{"id":770,"href":"https:\/\/bookandbeer.es\/index.php?rest_route=\/wp\/v2\/pages\/556\/revisions\/770"}],"wp:attachment":[{"href":"https:\/\/bookandbeer.es\/index.php?rest_route=%2Fwp%2Fv2%2Fmedia&parent=556"}],"curies":[{"name":"wp","href":"https:\/\/api.w.org\/{rel}","templated":true}]}}